{"id":14,"date":"2023-10-04T02:36:26","date_gmt":"2023-10-04T02:36:26","guid":{"rendered":"http:\/\/daleyerton.com\/?page_id=14"},"modified":"2023-10-04T18:57:37","modified_gmt":"2023-10-04T18:57:37","slug":"site-under-construction","status":"publish","type":"page","link":"https:\/\/daleyerton.com\/es\/site-under-construction\/","title":{"rendered":"Site Under Construction"},"content":{"rendered":"<div data-elementor-type=\"wp-page\" data-elementor-id=\"14\" class=\"elementor elementor-14\" data-elementor-post-type=\"page\">\n\t\t\t\t\t\t<section class=\"elementor-section elementor-top-section elementor-element elementor-element-432e3688 elementor-section-height-min-height elementor-section-boxed elementor-section-height-default elementor-section-items-middle\" data-id=\"432e3688\" data-element_type=\"section\" data-e-type=\"section\" data-settings=\"{&quot;background_background&quot;:&quot;classic&quot;}\">\n\t\t\t\t\t\t<div class=\"elementor-container elementor-column-gap-default\">\n\t\t\t\t\t<div class=\"elementor-column elementor-col-50 elementor-top-column elementor-element elementor-element-6116d46f\" data-id=\"6116d46f\" data-element_type=\"column\" data-e-type=\"column\">\n\t\t\t<div class=\"elementor-widget-wrap elementor-element-populated\">\n\t\t\t\t\t\t<div class=\"elementor-element elementor-element-391acb86 animated-slow de_scroll_animation_no elementor-invisible elementor-widget elementor-widget-heading\" data-id=\"391acb86\" data-element_type=\"widget\" data-e-type=\"widget\" data-settings=\"{&quot;_animation&quot;:&quot;fadeIn&quot;}\" data-widget_type=\"heading.default\">\n\t\t\t\t<div class=\"elementor-widget-container\">\n\t\t\t\t\t<h3 class=\"elementor-heading-title elementor-size-default\">We are making something amazing<\/h3>\t\t\t\t<\/div>\n\t\t\t\t<\/div>\n\t\t\t\t<div class=\"elementor-element elementor-element-1fa591db animated-slow de_scroll_animation_no elementor-invisible elementor-widget elementor-widget-heading\" data-id=\"1fa591db\" data-element_type=\"widget\" data-e-type=\"widget\" data-settings=\"{&quot;_animation&quot;:&quot;fadeIn&quot;}\" data-widget_type=\"heading.default\">\n\t\t\t\t<div class=\"elementor-widget-container\">\n\t\t\t\t\t<h1 class=\"elementor-heading-title elementor-size-default\">Sorry for the inconvenience, we are working for you.<\/h1>\t\t\t\t<\/div>\n\t\t\t\t<\/div>\n\t\t\t\t<div class=\"elementor-element elementor-element-65bf3e3c de_scroll_animation_no elementor-invisible elementor-widget elementor-widget-text-editor\" data-id=\"65bf3e3c\" data-element_type=\"widget\" data-e-type=\"widget\" data-settings=\"{&quot;_animation&quot;:&quot;fadeIn&quot;}\" data-widget_type=\"text-editor.default\">\n\t\t\t\t<div class=\"elementor-widget-container\">\n\t\t\t\t\t\t\t\t\t<h4 class=\"wp-block-heading\">El Dr. Dale Yerton ha dedicado su vida al desarrollo de materiales para ense\u00f1ar y capacitar a la pr\u00f3xima generaci\u00f3n de cristianos y l\u00edderes cristianos.<\/h4><p>To access our library of video resources, please select your language below and follow the link to our YouTube pages.<\/p>\t\t\t\t\t\t\t\t<\/div>\n\t\t\t\t<\/div>\n\t\t\t\t<div class=\"elementor-element elementor-element-a217835 de_scroll_animation_no elementor-widget elementor-widget-button\" data-id=\"a217835\" data-element_type=\"widget\" data-e-type=\"widget\" data-widget_type=\"button.default\">\n\t\t\t\t<div class=\"elementor-widget-container\">\n\t\t\t\t\t\t\t\t\t<div class=\"elementor-button-wrapper\">\n\t\t\t\t\t<a class=\"elementor-button elementor-button-link elementor-size-sm elementor-animation-float\" href=\"https:\/\/www.youtube.com\/@lafevivienteredapostolica8442\">\n\t\t\t\t\t\t<span class=\"elementor-button-content-wrapper\">\n\t\t\t\t\t\t\t\t\t<span class=\"elementor-button-text\">Productos en Espa\u00f1ol<\/span>\n\t\t\t\t\t<\/span>\n\t\t\t\t\t<\/a>\n\t\t\t\t<\/div>\n\t\t\t\t\t\t\t\t<\/div>\n\t\t\t\t<\/div>\n\t\t\t\t<div class=\"elementor-element elementor-element-e9ee39e de_scroll_animation_no elementor-widget elementor-widget-button\" data-id=\"e9ee39e\" data-element_type=\"widget\" data-e-type=\"widget\" data-widget_type=\"button.default\">\n\t\t\t\t<div class=\"elementor-widget-container\">\n\t\t\t\t\t\t\t\t\t<div class=\"elementor-button-wrapper\">\n\t\t\t\t\t<a class=\"elementor-button elementor-button-link elementor-size-sm elementor-animation-float\" href=\"https:\/\/www.youtube.com\/@thelivingfaithapostolicnet8827\">\n\t\t\t\t\t\t<span class=\"elementor-button-content-wrapper\">\n\t\t\t\t\t\t\t\t\t<span class=\"elementor-button-text\">English Products<\/span>\n\t\t\t\t\t<\/span>\n\t\t\t\t\t<\/a>\n\t\t\t\t<\/div>\n\t\t\t\t\t\t\t\t<\/div>\n\t\t\t\t<\/div>\n\t\t\t\t<div class=\"elementor-element elementor-element-207690a de_scroll_animation_no elementor-widget elementor-widget-button\" data-id=\"207690a\" data-element_type=\"widget\" data-e-type=\"widget\" data-widget_type=\"button.default\">\n\t\t\t\t<div class=\"elementor-widget-container\">\n\t\t\t\t\t\t\t\t\t<div class=\"elementor-button-wrapper\">\n\t\t\t\t\t<a class=\"elementor-button elementor-button-link elementor-size-lg elementor-animation-float\" href=\"https:\/\/www.paypal.com\/donate\/?hosted_button_id=9H7CFMBE9LMUU\">\n\t\t\t\t\t\t<span class=\"elementor-button-content-wrapper\">\n\t\t\t\t\t\t\t\t\t<span class=\"elementor-button-text\">Donate to join our ministry!<\/span>\n\t\t\t\t\t<\/span>\n\t\t\t\t\t<\/a>\n\t\t\t\t<\/div>\n\t\t\t\t\t\t\t\t<\/div>\n\t\t\t\t<\/div>\n\t\t\t\t<div class=\"elementor-element elementor-element-8befe79 e-grid-align-left elementor-shape-rounded elementor-grid-0 de_scroll_animation_no elementor-widget elementor-widget-social-icons\" data-id=\"8befe79\" data-element_type=\"widget\" data-e-type=\"widget\" data-widget_type=\"social-icons.default\">\n\t\t\t\t<div class=\"elementor-widget-container\">\n\t\t\t\t\t\t\t<div class=\"elementor-social-icons-wrapper elementor-grid\" role=\"list\">\n\t\t\t\t\t\t\t<span class=\"elementor-grid-item\" role=\"listitem\">\n\t\t\t\t\t<a class=\"elementor-icon elementor-social-icon elementor-social-icon-facebook elementor-repeater-item-feab114\" href=\"https:\/\/www.facebook.com\/dyertonministry\" target=\"_blank\">\n\t\t\t\t\t\t<span class=\"elementor-screen-only\">Facebook<\/span>\n\t\t\t\t\t\t<i aria-hidden=\"true\" class=\"fab fa-facebook\"><\/i>\t\t\t\t\t<\/a>\n\t\t\t\t<\/span>\n\t\t\t\t\t\t\t<span class=\"elementor-grid-item\" role=\"listitem\">\n\t\t\t\t\t<a class=\"elementor-icon elementor-social-icon elementor-social-icon-instagram elementor-repeater-item-436f558\" href=\"https:\/\/www.instagram.com\/dr.daleyerton\/\" target=\"_blank\">\n\t\t\t\t\t\t<span class=\"elementor-screen-only\">Instagram<\/span>\n\t\t\t\t\t\t<i aria-hidden=\"true\" class=\"fab fa-instagram\"><\/i>\t\t\t\t\t<\/a>\n\t\t\t\t<\/span>\n\t\t\t\t\t<\/div>\n\t\t\t\t\t\t<\/div>\n\t\t\t\t<\/div>\n\t\t\t\t\t<\/div>\n\t\t<\/div>\n\t\t\t\t<div class=\"elementor-column elementor-col-50 elementor-top-column elementor-element elementor-element-31bbf7e4\" data-id=\"31bbf7e4\" data-element_type=\"column\" data-e-type=\"column\">\n\t\t\t<div class=\"elementor-widget-wrap elementor-element-populated\">\n\t\t\t\t\t\t<div class=\"elementor-element elementor-element-9731855 de_scroll_animation_no elementor-widget elementor-widget-image\" data-id=\"9731855\" data-element_type=\"widget\" data-e-type=\"widget\" data-widget_type=\"image.default\">\n\t\t\t\t<div class=\"elementor-widget-container\">\n\t\t\t\t\t\t\t\t\t\t\t\t\t\t\t<img fetchpriority=\"high\" decoding=\"async\" width=\"800\" height=\"206\" src=\"https:\/\/daleyerton.com\/wp-content\/uploads\/2023\/10\/untitled-1024x264.png\" class=\"attachment-large size-large wp-image-22\" alt=\"\" srcset=\"https:\/\/daleyerton.com\/wp-content\/uploads\/2023\/10\/untitled-1024x264.png 1024w, https:\/\/daleyerton.com\/wp-content\/uploads\/2023\/10\/untitled-300x77.png 300w, https:\/\/daleyerton.com\/wp-content\/uploads\/2023\/10\/untitled-768x198.png 768w, https:\/\/daleyerton.com\/wp-content\/uploads\/2023\/10\/untitled-1536x396.png 1536w, https:\/\/daleyerton.com\/wp-content\/uploads\/2023\/10\/untitled-18x5.png 18w, https:\/\/daleyerton.com\/wp-content\/uploads\/2023\/10\/untitled.png 1600w\" sizes=\"(max-width: 800px) 100vw, 800px\" \/>\t\t\t\t\t\t\t\t\t\t\t\t\t\t\t<\/div>\n\t\t\t\t<\/div>\n\t\t\t\t\t<\/div>\n\t\t<\/div>\n\t\t\t\t\t<\/div>\n\t\t<\/section>\n\t\t\t\t<\/div>","protected":false},"excerpt":{"rendered":"<p>We are making something amazing Sorry for the inconvenience, we are working for you. Dr. Dale Yerton has spent his life developing materials to teach and train the next generation of Christians and Christian leaders. To access our library of video resources, please select your language below and follow the link to our YouTube pages. [&hellip;]<\/p>\n","protected":false},"author":1,"featured_media":0,"parent":0,"menu_order":0,"comment_status":"closed","ping_status":"closed","template":"elementor_canvas","meta":{"footnotes":""},"categories":[],"tags":[],"class_list":["post-14","page","type-page","status-publish","hentry"],"yoast_head":"<!-- This site is optimized with the Yoast SEO plugin v27.5 - https:\/\/yoast.com\/product\/yoast-seo-wordpress\/ -->\n<title>Site Under Construction - The Living Faith Global Network<\/title>\n<meta name=\"robots\" content=\"index, follow, max-snippet:-1, max-image-preview:large, max-video-preview:-1\" \/>\n<link rel=\"canonical\" href=\"https:\/\/daleyerton.com\/es\/site-under-construction\/\" \/>\n<meta property=\"og:locale\" content=\"es_MX\" \/>\n<meta property=\"og:type\" content=\"article\" \/>\n<meta property=\"og:title\" content=\"Site Under Construction - The Living Faith Global Network\" \/>\n<meta property=\"og:description\" content=\"We are making something amazing Sorry for the inconvenience, we are working for you. Dr. Dale Yerton has spent his life developing materials to teach and train the next generation of Christians and Christian leaders. To access our library of video resources, please select your language below and follow the link to our YouTube pages. [&hellip;]\" \/>\n<meta property=\"og:url\" content=\"https:\/\/daleyerton.com\/es\/site-under-construction\/\" \/>\n<meta property=\"og:site_name\" content=\"The Living Faith Global Network\" \/>\n<meta property=\"article:publisher\" content=\"https:\/\/www.facebook.com\/dyertonministry\" \/>\n<meta property=\"article:modified_time\" content=\"2023-10-04T18:57:37+00:00\" \/>\n<meta property=\"og:image\" content=\"https:\/\/daleyerton.com\/wp-content\/uploads\/2023\/10\/untitled-1024x264.png\" \/>\n<meta name=\"twitter:card\" content=\"summary_large_image\" \/>\n<script type=\"application\/ld+json\" class=\"yoast-schema-graph\">{\"@context\":\"https:\\\/\\\/schema.org\",\"@graph\":[{\"@type\":\"WebPage\",\"@id\":\"https:\\\/\\\/daleyerton.com\\\/site-under-construction\\\/\",\"url\":\"https:\\\/\\\/daleyerton.com\\\/site-under-construction\\\/\",\"name\":\"Site Under Construction - The Living Faith Global Network\",\"isPartOf\":{\"@id\":\"https:\\\/\\\/daleyerton.com\\\/#website\"},\"primaryImageOfPage\":{\"@id\":\"https:\\\/\\\/daleyerton.com\\\/site-under-construction\\\/#primaryimage\"},\"image\":{\"@id\":\"https:\\\/\\\/daleyerton.com\\\/site-under-construction\\\/#primaryimage\"},\"thumbnailUrl\":\"https:\\\/\\\/daleyerton.com\\\/wp-content\\\/uploads\\\/2023\\\/10\\\/untitled-1024x264.png\",\"datePublished\":\"2023-10-04T02:36:26+00:00\",\"dateModified\":\"2023-10-04T18:57:37+00:00\",\"breadcrumb\":{\"@id\":\"https:\\\/\\\/daleyerton.com\\\/site-under-construction\\\/#breadcrumb\"},\"inLanguage\":\"es\",\"potentialAction\":[{\"@type\":\"ReadAction\",\"target\":[\"https:\\\/\\\/daleyerton.com\\\/site-under-construction\\\/\"]}]},{\"@type\":\"ImageObject\",\"inLanguage\":\"es\",\"@id\":\"https:\\\/\\\/daleyerton.com\\\/site-under-construction\\\/#primaryimage\",\"url\":\"https:\\\/\\\/daleyerton.com\\\/wp-content\\\/uploads\\\/2023\\\/10\\\/untitled-1024x264.png\",\"contentUrl\":\"https:\\\/\\\/daleyerton.com\\\/wp-content\\\/uploads\\\/2023\\\/10\\\/untitled-1024x264.png\"},{\"@type\":\"BreadcrumbList\",\"@id\":\"https:\\\/\\\/daleyerton.com\\\/site-under-construction\\\/#breadcrumb\",\"itemListElement\":[{\"@type\":\"ListItem\",\"position\":1,\"name\":\"Home\",\"item\":\"https:\\\/\\\/daleyerton.com\\\/\"},{\"@type\":\"ListItem\",\"position\":2,\"name\":\"Site Under Construction\"}]},{\"@type\":\"WebSite\",\"@id\":\"https:\\\/\\\/daleyerton.com\\\/#website\",\"url\":\"https:\\\/\\\/daleyerton.com\\\/\",\"name\":\"The Living Faith Global Network\",\"description\":\"\",\"publisher\":{\"@id\":\"https:\\\/\\\/daleyerton.com\\\/#organization\"},\"potentialAction\":[{\"@type\":\"SearchAction\",\"target\":{\"@type\":\"EntryPoint\",\"urlTemplate\":\"https:\\\/\\\/daleyerton.com\\\/?s={search_term_string}\"},\"query-input\":{\"@type\":\"PropertyValueSpecification\",\"valueRequired\":true,\"valueName\":\"search_term_string\"}}],\"inLanguage\":\"es\"},{\"@type\":\"Organization\",\"@id\":\"https:\\\/\\\/daleyerton.com\\\/#organization\",\"name\":\"The Living Faith Global Network\",\"url\":\"https:\\\/\\\/daleyerton.com\\\/\",\"logo\":{\"@type\":\"ImageObject\",\"inLanguage\":\"es\",\"@id\":\"https:\\\/\\\/daleyerton.com\\\/#\\\/schema\\\/logo\\\/image\\\/\",\"url\":\"https:\\\/\\\/daleyerton.com\\\/wp-content\\\/uploads\\\/2023\\\/10\\\/LOGO-azul-1.png\",\"contentUrl\":\"https:\\\/\\\/daleyerton.com\\\/wp-content\\\/uploads\\\/2023\\\/10\\\/LOGO-azul-1.png\",\"width\":1500,\"height\":397,\"caption\":\"The Living Faith Global Network\"},\"image\":{\"@id\":\"https:\\\/\\\/daleyerton.com\\\/#\\\/schema\\\/logo\\\/image\\\/\"},\"sameAs\":[\"https:\\\/\\\/www.facebook.com\\\/dyertonministry\",\"https:\\\/\\\/www.instagram.com\\\/dr.daleyerton\\\/\",\"https:\\\/\\\/www.youtube.com\\\/@thelivingfaithapostolicnet8827\"]}]}<\/script>\n<!-- \/ Yoast SEO plugin. -->","yoast_head_json":{"title":"Site Under Construction - The Living Faith Global Network","robots":{"index":"index","follow":"follow","max-snippet":"max-snippet:-1","max-image-preview":"max-image-preview:large","max-video-preview":"max-video-preview:-1"},"canonical":"https:\/\/daleyerton.com\/es\/site-under-construction\/","og_locale":"es_MX","og_type":"article","og_title":"Site Under Construction - The Living Faith Global Network","og_description":"We are making something amazing Sorry for the inconvenience, we are working for you. Dr. Dale Yerton has spent his life developing materials to teach and train the next generation of Christians and Christian leaders. To access our library of video resources, please select your language below and follow the link to our YouTube pages. [&hellip;]","og_url":"https:\/\/daleyerton.com\/es\/site-under-construction\/","og_site_name":"The Living Faith Global Network","article_publisher":"https:\/\/www.facebook.com\/dyertonministry","article_modified_time":"2023-10-04T18:57:37+00:00","og_image":[{"url":"https:\/\/daleyerton.com\/wp-content\/uploads\/2023\/10\/untitled-1024x264.png","type":"","width":"","height":""}],"twitter_card":"summary_large_image","schema":{"@context":"https:\/\/schema.org","@graph":[{"@type":"WebPage","@id":"https:\/\/daleyerton.com\/site-under-construction\/","url":"https:\/\/daleyerton.com\/site-under-construction\/","name":"Site Under Construction - The Living Faith Global Network","isPartOf":{"@id":"https:\/\/daleyerton.com\/#website"},"primaryImageOfPage":{"@id":"https:\/\/daleyerton.com\/site-under-construction\/#primaryimage"},"image":{"@id":"https:\/\/daleyerton.com\/site-under-construction\/#primaryimage"},"thumbnailUrl":"https:\/\/daleyerton.com\/wp-content\/uploads\/2023\/10\/untitled-1024x264.png","datePublished":"2023-10-04T02:36:26+00:00","dateModified":"2023-10-04T18:57:37+00:00","breadcrumb":{"@id":"https:\/\/daleyerton.com\/site-under-construction\/#breadcrumb"},"inLanguage":"es","potentialAction":[{"@type":"ReadAction","target":["https:\/\/daleyerton.com\/site-under-construction\/"]}]},{"@type":"ImageObject","inLanguage":"es","@id":"https:\/\/daleyerton.com\/site-under-construction\/#primaryimage","url":"https:\/\/daleyerton.com\/wp-content\/uploads\/2023\/10\/untitled-1024x264.png","contentUrl":"https:\/\/daleyerton.com\/wp-content\/uploads\/2023\/10\/untitled-1024x264.png"},{"@type":"BreadcrumbList","@id":"https:\/\/daleyerton.com\/site-under-construction\/#breadcrumb","itemListElement":[{"@type":"ListItem","position":1,"name":"Home","item":"https:\/\/daleyerton.com\/"},{"@type":"ListItem","position":2,"name":"Site Under Construction"}]},{"@type":"WebSite","@id":"https:\/\/daleyerton.com\/#website","url":"https:\/\/daleyerton.com\/","name":"La Fe Viviente Red Global","description":"","publisher":{"@id":"https:\/\/daleyerton.com\/#organization"},"potentialAction":[{"@type":"SearchAction","target":{"@type":"EntryPoint","urlTemplate":"https:\/\/daleyerton.com\/?s={search_term_string}"},"query-input":{"@type":"PropertyValueSpecification","valueRequired":true,"valueName":"search_term_string"}}],"inLanguage":"es"},{"@type":"Organization","@id":"https:\/\/daleyerton.com\/#organization","name":"La Fe Viviente Red Global","url":"https:\/\/daleyerton.com\/","logo":{"@type":"ImageObject","inLanguage":"es","@id":"https:\/\/daleyerton.com\/#\/schema\/logo\/image\/","url":"https:\/\/daleyerton.com\/wp-content\/uploads\/2023\/10\/LOGO-azul-1.png","contentUrl":"https:\/\/daleyerton.com\/wp-content\/uploads\/2023\/10\/LOGO-azul-1.png","width":1500,"height":397,"caption":"The Living Faith Global Network"},"image":{"@id":"https:\/\/daleyerton.com\/#\/schema\/logo\/image\/"},"sameAs":["https:\/\/www.facebook.com\/dyertonministry","https:\/\/www.instagram.com\/dr.daleyerton\/","https:\/\/www.youtube.com\/@thelivingfaithapostolicnet8827"]}]}},"_links":{"self":[{"href":"https:\/\/daleyerton.com\/es\/wp-json\/wp\/v2\/pages\/14","targetHints":{"allow":["GET"]}}],"collection":[{"href":"https:\/\/daleyerton.com\/es\/wp-json\/wp\/v2\/pages"}],"about":[{"href":"https:\/\/daleyerton.com\/es\/wp-json\/wp\/v2\/types\/page"}],"author":[{"embeddable":true,"href":"https:\/\/daleyerton.com\/es\/wp-json\/wp\/v2\/users\/1"}],"replies":[{"embeddable":true,"href":"https:\/\/daleyerton.com\/es\/wp-json\/wp\/v2\/comments?post=14"}],"version-history":[{"count":0,"href":"https:\/\/daleyerton.com\/es\/wp-json\/wp\/v2\/pages\/14\/revisions"}],"wp:attachment":[{"href":"https:\/\/daleyerton.com\/es\/wp-json\/wp\/v2\/media?parent=14"}],"wp:term":[{"taxonomy":"category","embeddable":true,"href":"https:\/\/daleyerton.com\/es\/wp-json\/wp\/v2\/categories?post=14"},{"taxonomy":"post_tag","embeddable":true,"href":"https:\/\/daleyerton.com\/es\/wp-json\/wp\/v2\/tags?post=14"}],"curies":[{"name":"wp","href":"https:\/\/api.w.org\/{rel}","templated":true}]}}